{"id":9,"date":"2021-04-16T10:10:40","date_gmt":"2021-04-16T10:10:40","guid":{"rendered":"https:\/\/www.stefanweiser.com\/?page_id=9"},"modified":"2021-11-07T08:31:55","modified_gmt":"2021-11-07T08:31:55","slug":"landing-page","status":"publish","type":"page","link":"https:\/\/www.stefanweiser.com\/","title":{"rendered":"LANDING PAGE"},"content":{"rendered":"<p>[et_pb_section fb_built=&#8220;1&#8243; fullwidth=&#8220;on&#8220; _builder_version=&#8220;4.9.4&#8243; _module_preset=&#8220;default&#8220;][et_pb_fullwidth_slider _builder_version=&#8220;4.9.4&#8243; _module_preset=&#8220;default&#8220; custom_margin=&#8220;||-2px|||&#8220;][et_pb_slide heading=&#8220;Herzlichen Dank f\u00fcr deinen Besuch&#8220; use_bg_overlay=&#8220;off&#8220; use_text_overlay=&#8220;off&#8220; _builder_version=&#8220;4.9.4&#8243; _module_preset=&#8220;default&#8220; header_level=&#8220;h2&#8243; header_font=&#8220;Give You Glory||||||||&#8220; header_text_align=&#8220;right&#8220; header_text_color=&#8220;#FFFFFF&#8220; use_background_color_gradient=&#8220;on&#8220; background_image=&#8220;https:\/\/www.stefanweiser.com\/wp-content\/uploads\/2021\/06\/Stefan-Weiser-1_-1.jpg&#8220; background_enable_image=&#8220;on&#8220; parallax=&#8220;on&#8220; parallax_method=&#8220;off&#8220; text_orientation=&#8220;left&#8220; sticky_transition=&#8220;on&#8220;][\/et_pb_slide][\/et_pb_fullwidth_slider][\/et_pb_section][et_pb_section fb_built=&#8220;1&#8243; _builder_version=&#8220;4.9.4&#8243; _module_preset=&#8220;default&#8220;][et_pb_row _builder_version=&#8220;4.9.4&#8243; _module_preset=&#8220;default&#8220;][et_pb_column type=&#8220;4_4&#8243; _builder_version=&#8220;4.9.4&#8243; _module_preset=&#8220;default&#8220;][et_pb_text _builder_version=&#8220;4.9.4&#8243; _module_preset=&#8220;default&#8220;]<\/p>\n<p>&nbsp;<\/p>\n<p>Schon immer konnte ich mich f\u00fcr tolle Landschaften, die Tiere und die Menschen auf diesem Planeten begeistern. Das Interesse an der Natur brachte mich schlussendlich auch dazu Molekularbiologie zu studieren. Die biologischen Konzepte und wie eine Zelle funktioniert faszinieren mich bis heute. Obwohl man immer wieder h\u00f6rt wie weit die Wissenschaft doch ist bin ich nicht dieser Meinung, eher im Gegenteil. Es erstaunt mich immer wieder, wenn ich realisieren das wir mit unserem Verstand doch nur an der obersten Oberfl\u00e4che kratzen, wenn es darum geht wie Leben funktioniert. Vielleicht deshalb und aus purer Lust und dem Interesse am Leben und dieser Welt war ich schon immer von Reisen um diesen herrlichen Erdball fasziniert. Vor 10 Jahren begebe ich mich f\u00fcr 16 Monate auf eine Rucksackreise einmal um den Erdball. Wenn jemand nun denkt das man danach genug haben k\u00f6nnte muss ich ihn endt\u00e4uschen, das Gegenteil ist der Fall. Ein Fahrzeug wird gesucht und schlussendlich f\u00e4llt der Endscheit auf einen Toyota Landcruieser HZJ79. Darauf kommt eine Kabine und schon befinde ich mich Auf dem Amerikanischen Kontinent. Die Reise von Alaska Bis Patagonien dauert 3 Jahre und f\u00fchrt mich durch Landschafen die Unterschiedlicher kaum sein K\u00f6nnten Nadelw\u00e4lder mit klaren Seen im Norden, wilde B\u00e4che, K\u00fcsten, W\u00fcsten, tropische Regenw\u00e4lder mit all seinen Tieren himmelshohe Berge und zum Schluss besuche ich das ewige Eis in der Antarktis. Auch die Menschen auf die ich treffe sind Mannigfaltig und sicherlich der wichtigste Bestandteil dieser Reise.<\/p>\n<p>Photographien und die Welt entdecken geh\u00f6rten f\u00fcr mich schon immer zusammen. Die Art wie ich beobachte \u00e4ndert sich, wenn ich mit meiner Kamera unterwegs bin, noch mehr als sonnst schweifen meine Augen auf der Suche nach Sch\u00f6nheit durch die Gegend. Die Kamera bringt mich auch n\u00e4her zu den Menschen. Manche m\u00f6gen es, wenn man sie Fotografiert, andere sind erst sch\u00fcchtern und freuen sich danach noch mehr \u00fcber ein Foto. Meine Erfahrung f\u00fcr das Fotografieren kommt haupts\u00e4chlich von einer 16-Monatigen Weltreise und den 3 Jahren entlang der Panamericana von Alaska bis Patagonien. Zu gute kommt mir dank meinem Naturwissenschaftlichen Hintergrund eine gewisse Affinit\u00e4t und ein Verst\u00e4ndnis f\u00fcr das Technische. Allerding ist dies wahrlich nicht meine Hauptleidenschaft, sondern eher Mittel zum Zweck.<\/p>\n<p>[\/et_pb_text][\/et_pb_column][\/et_pb_row][\/et_pb_section][et_pb_section fb_built=&#8220;1&#8243; fullwidth=&#8220;on&#8220; _builder_version=&#8220;4.9.4&#8243; _module_preset=&#8220;default&#8220; hover_enabled=&#8220;0&#8243; sticky_enabled=&#8220;0&#8243;][et_pb_fullwidth_portfolio fullwidth=&#8220;off&#8220; include_categories=&#8220;7,5,6,12&#8243; posts_number=&#8220;34&#8243; show_date=&#8220;off&#8220; _builder_version=&#8220;4.9.10&#8243; _module_preset=&#8220;default&#8220; hover_enabled=&#8220;0&#8243; border_width_all_image=&#8220;9px&#8220; border_color_all_image=&#8220;#FFFFFF&#8220; global_module=&#8220;263&#8243; border_radii_image__hover_enabled=&#8220;on|desktop&#8220; sticky_enabled=&#8220;0&#8243;][\/et_pb_fullwidth_portfolio][\/et_pb_section]<\/p>\n","protected":false},"excerpt":{"rendered":"<p>&nbsp; Schon immer konnte ich mich f\u00fcr tolle Landschaften, die Tiere und die Menschen auf diesem Planeten begeistern. Das Interesse an der Natur brachte mich schlussendlich auch dazu Molekularbiologie zu studieren. Die biologischen Konzepte und wie eine Zelle funktioniert faszinieren mich bis heute. Obwohl man immer wieder h\u00f6rt wie weit die Wissenschaft doch ist bin [&hellip;]<\/p>\n","protected":false},"author":1,"featured_media":0,"parent":0,"menu_order":0,"comment_status":"closed","ping_status":"closed","template":"","meta":{"_bbp_topic_count":0,"_bbp_reply_count":0,"_bbp_total_topic_count":0,"_bbp_total_reply_count":0,"_bbp_voice_count":0,"_bbp_anonymous_reply_count":0,"_bbp_topic_count_hidden":0,"_bbp_reply_count_hidden":0,"_bbp_forum_subforum_count":0,"_et_pb_use_builder":"on","_et_pb_old_content":"","_et_gb_content_width":"","spay_email":"","footnotes":""},"class_list":["post-9","page","type-page","status-publish","hentry"],"yoast_head":"<!-- This site is optimized with the Yoast SEO plugin v17.8 - https:\/\/yoast.com\/wordpress\/plugins\/seo\/ -->\n<title>LANDING PAGE - Stefan Weiser Photography<\/title>\n<meta name=\"robots\" content=\"index, follow, max-snippet:-1, max-image-preview:large, max-video-preview:-1\" \/>\n<link rel=\"canonical\" href=\"https:\/\/www.stefanweiser.com\/\" \/>\n<meta property=\"og:locale\" content=\"de_DE\" \/>\n<meta property=\"og:type\" content=\"article\" \/>\n<meta property=\"og:title\" content=\"LANDING PAGE - Stefan Weiser Photography\" \/>\n<meta property=\"og:description\" content=\"&nbsp; Schon immer konnte ich mich f\u00fcr tolle Landschaften, die Tiere und die Menschen auf diesem Planeten begeistern. Das Interesse an der Natur brachte mich schlussendlich auch dazu Molekularbiologie zu studieren. Die biologischen Konzepte und wie eine Zelle funktioniert faszinieren mich bis heute. Obwohl man immer wieder h\u00f6rt wie weit die Wissenschaft doch ist bin [&hellip;]\" \/>\n<meta property=\"og:url\" content=\"https:\/\/www.stefanweiser.com\/\" \/>\n<meta property=\"og:site_name\" content=\"Stefan Weiser Photography\" \/>\n<meta property=\"article:modified_time\" content=\"2021-11-07T08:31:55+00:00\" \/>\n<meta name=\"twitter:card\" content=\"summary_large_image\" \/>\n<meta name=\"twitter:label1\" content=\"Gesch\u00e4tzte Lesezeit\" \/>\n\t<meta name=\"twitter:data1\" content=\"3\u00a0Minuten\" \/>\n<script type=\"application\/ld+json\" class=\"yoast-schema-graph\">{\"@context\":\"https:\/\/schema.org\",\"@graph\":[{\"@type\":\"WebSite\",\"@id\":\"https:\/\/www.stefanweiser.com\/#website\",\"url\":\"https:\/\/www.stefanweiser.com\/\",\"name\":\"Stefan Weiser Photography\",\"description\":\"Photography\",\"potentialAction\":[{\"@type\":\"SearchAction\",\"target\":{\"@type\":\"EntryPoint\",\"urlTemplate\":\"https:\/\/www.stefanweiser.com\/?s={search_term_string}\"},\"query-input\":\"required name=search_term_string\"}],\"inLanguage\":\"de\"},{\"@type\":\"WebPage\",\"@id\":\"https:\/\/www.stefanweiser.com\/#webpage\",\"url\":\"https:\/\/www.stefanweiser.com\/\",\"name\":\"LANDING PAGE - Stefan Weiser Photography\",\"isPartOf\":{\"@id\":\"https:\/\/www.stefanweiser.com\/#website\"},\"datePublished\":\"2021-04-16T10:10:40+00:00\",\"dateModified\":\"2021-11-07T08:31:55+00:00\",\"breadcrumb\":{\"@id\":\"https:\/\/www.stefanweiser.com\/#breadcrumb\"},\"inLanguage\":\"de\",\"potentialAction\":[{\"@type\":\"ReadAction\",\"target\":[\"https:\/\/www.stefanweiser.com\/\"]}]},{\"@type\":\"BreadcrumbList\",\"@id\":\"https:\/\/www.stefanweiser.com\/#breadcrumb\",\"itemListElement\":[{\"@type\":\"ListItem\",\"position\":1,\"name\":\"Startseite\",\"item\":\"https:\/\/www.stefanweiser.com\/\"},{\"@type\":\"ListItem\",\"position\":2,\"name\":\"LANDING PAGE\"}]}]}<\/script>\n<!-- \/ Yoast SEO plugin. -->","yoast_head_json":{"title":"LANDING PAGE - Stefan Weiser Photography","robots":{"index":"index","follow":"follow","max-snippet":"max-snippet:-1","max-image-preview":"max-image-preview:large","max-video-preview":"max-video-preview:-1"},"canonical":"https:\/\/www.stefanweiser.com\/","og_locale":"de_DE","og_type":"article","og_title":"LANDING PAGE - Stefan Weiser Photography","og_description":"&nbsp; Schon immer konnte ich mich f\u00fcr tolle Landschaften, die Tiere und die Menschen auf diesem Planeten begeistern. Das Interesse an der Natur brachte mich schlussendlich auch dazu Molekularbiologie zu studieren. Die biologischen Konzepte und wie eine Zelle funktioniert faszinieren mich bis heute. Obwohl man immer wieder h\u00f6rt wie weit die Wissenschaft doch ist bin [&hellip;]","og_url":"https:\/\/www.stefanweiser.com\/","og_site_name":"Stefan Weiser Photography","article_modified_time":"2021-11-07T08:31:55+00:00","twitter_card":"summary_large_image","twitter_misc":{"Gesch\u00e4tzte Lesezeit":"3\u00a0Minuten"},"schema":{"@context":"https:\/\/schema.org","@graph":[{"@type":"WebSite","@id":"https:\/\/www.stefanweiser.com\/#website","url":"https:\/\/www.stefanweiser.com\/","name":"Stefan Weiser Photography","description":"Photography","potentialAction":[{"@type":"SearchAction","target":{"@type":"EntryPoint","urlTemplate":"https:\/\/www.stefanweiser.com\/?s={search_term_string}"},"query-input":"required name=search_term_string"}],"inLanguage":"de"},{"@type":"WebPage","@id":"https:\/\/www.stefanweiser.com\/#webpage","url":"https:\/\/www.stefanweiser.com\/","name":"LANDING PAGE - Stefan Weiser Photography","isPartOf":{"@id":"https:\/\/www.stefanweiser.com\/#website"},"datePublished":"2021-04-16T10:10:40+00:00","dateModified":"2021-11-07T08:31:55+00:00","breadcrumb":{"@id":"https:\/\/www.stefanweiser.com\/#breadcrumb"},"inLanguage":"de","potentialAction":[{"@type":"ReadAction","target":["https:\/\/www.stefanweiser.com\/"]}]},{"@type":"BreadcrumbList","@id":"https:\/\/www.stefanweiser.com\/#breadcrumb","itemListElement":[{"@type":"ListItem","position":1,"name":"Startseite","item":"https:\/\/www.stefanweiser.com\/"},{"@type":"ListItem","position":2,"name":"LANDING PAGE"}]}]}},"_links":{"self":[{"href":"https:\/\/www.stefanweiser.com\/index.php?rest_route=\/wp\/v2\/pages\/9","targetHints":{"allow":["GET"]}}],"collection":[{"href":"https:\/\/www.stefanweiser.com\/index.php?rest_route=\/wp\/v2\/pages"}],"about":[{"href":"https:\/\/www.stefanweiser.com\/index.php?rest_route=\/wp\/v2\/types\/page"}],"author":[{"embeddable":true,"href":"https:\/\/www.stefanweiser.com\/index.php?rest_route=\/wp\/v2\/users\/1"}],"replies":[{"embeddable":true,"href":"https:\/\/www.stefanweiser.com\/index.php?rest_route=%2Fwp%2Fv2%2Fcomments&post=9"}],"version-history":[{"count":16,"href":"https:\/\/www.stefanweiser.com\/index.php?rest_route=\/wp\/v2\/pages\/9\/revisions"}],"predecessor-version":[{"id":409,"href":"https:\/\/www.stefanweiser.com\/index.php?rest_route=\/wp\/v2\/pages\/9\/revisions\/409"}],"wp:attachment":[{"href":"https:\/\/www.stefanweiser.com\/index.php?rest_route=%2Fwp%2Fv2%2Fmedia&parent=9"}],"curies":[{"name":"wp","href":"https:\/\/api.w.org\/{rel}","templated":true}]}}